{"id":1023,"date":"2025-08-19T01:05:11","date_gmt":"2025-08-19T04:05:11","guid":{"rendered":"https:\/\/ignixsolutions.com\/?page_id=1023"},"modified":"2025-08-30T19:14:50","modified_gmt":"2025-08-30T22:14:50","slug":"abc","status":"publish","type":"page","link":"https:\/\/ignixsolutions.com\/en\/productos\/polvos-quimicos-secos\/polvo-abc\/abc\/","title":{"rendered":"ABC"},"content":{"rendered":"<div data-elementor-type=\"wp-page\" data-elementor-id=\"1023\" class=\"elementor elementor-1023\">\n\t\t\t\t\t\t<section class=\"elementor-section elementor-top-section elementor-element elementor-element-74460b3b elementor-section-height-min-height elementor-section-boxed elementor-section-height-default elementor-section-items-middle\" data-id=\"74460b3b\" data-element_type=\"section\" data-settings=\"{&quot;background_background&quot;:&quot;classic&quot;}\">\n\t\t\t\t\t\t\t<div class=\"elementor-background-overlay\"><\/div>\n\t\t\t\t\t\t\t<div class=\"elementor-container elementor-column-gap-default\">\n\t\t\t\t\t<div class=\"elementor-column elementor-col-100 elementor-top-column elementor-element elementor-element-717babc\" data-id=\"717babc\" data-element_type=\"column\">\n\t\t\t<div class=\"elementor-widget-wrap elementor-element-populated\">\n\t\t\t\t\t\t<div class=\"elementor-element elementor-element-1a8c6876 elementor-invisible elementor-widget elementor-widget-heading\" data-id=\"1a8c6876\" data-element_type=\"widget\" data-settings=\"{&quot;_animation&quot;:&quot;slideInLeft&quot;}\" data-widget_type=\"heading.default\">\n\t\t\t\t<div class=\"elementor-widget-container\">\n\t\t\t\t\t<h1 class=\"elementor-heading-title elementor-size-default\">ABC <\/h1>\t\t\t\t<\/div>\n\t\t\t\t<\/div>\n\t\t\t\t<div class=\"elementor-element elementor-element-1c10ec8e elementor-icon-list--layout-inline elementor-align-center elementor-list-item-link-full_width elementor-widget elementor-widget-icon-list\" data-id=\"1c10ec8e\" data-element_type=\"widget\" data-widget_type=\"icon-list.default\">\n\t\t\t\t<div class=\"elementor-widget-container\">\n\t\t\t\t\t\t\t<ul class=\"elementor-icon-list-items elementor-inline-items\">\n\t\t\t\t\t\t\t<li class=\"elementor-icon-list-item elementor-inline-item\">\n\t\t\t\t\t\t\t\t\t\t\t<a href=\"https:\/\/ignixsolutions.com\/en\/\">\n\n\t\t\t\t\t\t\t\t\t\t\t<span class=\"elementor-icon-list-text\">Home<\/span>\n\t\t\t\t\t\t\t\t\t\t\t<\/a>\n\t\t\t\t\t\t\t\t\t<\/li>\n\t\t\t\t\t\t\t\t<li class=\"elementor-icon-list-item elementor-inline-item\">\n\t\t\t\t\t\t\t\t\t\t\t<a href=\"https:\/\/ignixsolutions.com\/en\/productos\/\">\n\n\t\t\t\t\t\t\t\t\t\t\t\t<span class=\"elementor-icon-list-icon\">\n\t\t\t\t\t\t\t<svg aria-hidden=\"true\" class=\"e-font-icon-svg e-fas-chevron-right\" viewbox=\"0 0 320 512\" xmlns=\"http:\/\/www.w3.org\/2000\/svg\"><path d=\"M285.476 272.971L91.132 467.314c-9.373 9.373-24.569 9.373-33.941 0l-22.667-22.667c-9.357-9.357-9.375-24.522-.04-33.901L188.505 256 34.484 101.255c-9.335-9.379-9.317-24.544.04-33.901l22.667-22.667c9.373-9.373 24.569-9.373 33.941 0L285.475 239.03c9.373 9.372 9.373 24.568.001 33.941z\"><\/path><\/svg>\t\t\t\t\t\t<\/span>\n\t\t\t\t\t\t\t\t\t\t<span class=\"elementor-icon-list-text\">Products<\/span>\n\t\t\t\t\t\t\t\t\t\t\t<\/a>\n\t\t\t\t\t\t\t\t\t<\/li>\n\t\t\t\t\t\t<\/ul>\n\t\t\t\t\t\t<\/div>\n\t\t\t\t<\/div>\n\t\t\t\t\t<\/div>\n\t\t<\/div>\n\t\t\t\t\t<\/div>\n\t\t<\/section>\n\t\t\t\t<section class=\"elementor-section elementor-top-section elementor-element elementor-element-43a0a7ce elementor-section-boxed elementor-section-height-default elementor-section-height-default\" data-id=\"43a0a7ce\" data-element_type=\"section\">\n\t\t\t\t\t\t<div class=\"elementor-container elementor-column-gap-default\">\n\t\t\t\t\t<div class=\"elementor-column elementor-col-100 elementor-top-column elementor-element elementor-element-4b8645e3\" data-id=\"4b8645e3\" data-element_type=\"column\">\n\t\t\t<div class=\"elementor-widget-wrap elementor-element-populated\">\n\t\t\t\t\t\t<div class=\"elementor-element elementor-element-786478a7 elementor-invisible elementor-widget elementor-widget-heading\" data-id=\"786478a7\" data-element_type=\"widget\" data-settings=\"{&quot;_animation&quot;:&quot;zoomIn&quot;}\" data-widget_type=\"heading.default\">\n\t\t\t\t<div class=\"elementor-widget-container\">\n\t\t\t\t\t<h2 class=\"elementor-heading-title elementor-size-default\">Our Products<\/h2>\t\t\t\t<\/div>\n\t\t\t\t<\/div>\n\t\t\t\t<div class=\"elementor-element elementor-element-b0af3c0 elementor-invisible elementor-widget elementor-widget-heading\" data-id=\"b0af3c0\" data-element_type=\"widget\" data-settings=\"{&quot;_animation&quot;:&quot;zoomIn&quot;}\" data-widget_type=\"heading.default\">\n\t\t\t\t<div class=\"elementor-widget-container\">\n\t\t\t\t\t<h2 class=\"elementor-heading-title elementor-size-default\">ABC <\/h2>\t\t\t\t<\/div>\n\t\t\t\t<\/div>\n\t\t\t\t\t<\/div>\n\t\t<\/div>\n\t\t\t\t\t<\/div>\n\t\t<\/section>\n\t\t\t\t<section class=\"elementor-section elementor-top-section elementor-element elementor-element-7cca49a elementor-section-boxed elementor-section-height-default elementor-section-height-default\" data-id=\"7cca49a\" data-element_type=\"section\">\n\t\t\t\t\t\t<div class=\"elementor-container elementor-column-gap-default\">\n\t\t\t\t\t<div class=\"elementor-column elementor-col-100 elementor-top-column elementor-element elementor-element-480f125\" data-id=\"480f125\" data-element_type=\"column\">\n\t\t\t<div class=\"elementor-widget-wrap elementor-element-populated\">\n\t\t\t\t\t\t<div class=\"elementor-element elementor-element-d4a046b elementor-widget elementor-widget-text-editor\" data-id=\"d4a046b\" data-element_type=\"widget\" data-widget_type=\"text-editor.default\">\n\t\t\t\t<div class=\"elementor-widget-container\">\n\t\t\t\t\t\t\t\t\t<p>ABC POWDER - Dry Powder in Dubai and India (MONOAMMONIUM PHOSPHATE)<br>Brand: IFP-ABC-DCP<br>ABC POWDER - Dry powder in (MONOAMMONIUM PHOSPHATE)Brand: IFP-ABC-DCPDESCRIPTIONIFP-ABC-DCP is a high-performance dry chemical powder based on monoammonium phosphate. This dry chemical powder is specifically formulated to withstand the extreme temperatures and humidities, making it a reliable choice for fire protection. One of its key features is its non-hygroscopic and moisture-resistant nature, ensuring long-lasting effectiveness even in harsh environments.<\/p>\n<p>The key features of this dry powder include:<\/p>\n<ul>\n<li>Non-toxic: safe to use in various environments.<\/li>\n<li>Non-abrasive: Gentle on equipment and surfaces.<\/li>\n<li>It does not clump: it remains fluid and is easy to handle.<br>Compatible with foam and other dry chemical powders: improves versatility in firefighting applications.<\/li>\n<li>High specific surface coverage (cm\u00b2\/g): Provides efficient fire suppression. Absolutely fluid: guarantees an even and effective application.<br>IFP-ABC-DCP are available in three grades, depending on the content of the MAP: ABC-40, ABC-70 and ABC-90.<\/li>\n<\/ul>\t\t\t\t\t\t\t\t<\/div>\n\t\t\t\t<\/div>\n\t\t\t\t<div class=\"elementor-element elementor-element-ba59356 elementor-align-left elementor-widget elementor-widget-button\" data-id=\"ba59356\" data-element_type=\"widget\" data-widget_type=\"button.default\">\n\t\t\t\t<div class=\"elementor-widget-container\">\n\t\t\t\t\t\t\t\t\t<div class=\"elementor-button-wrapper\">\n\t\t\t\t\t<a class=\"elementor-button elementor-button-link elementor-size-sm\" href=\"https:\/\/ignixsolutions.com\/en\/contacto\/\">\n\t\t\t\t\t\t<span class=\"elementor-button-content-wrapper\">\n\t\t\t\t\t\t\t\t\t<span class=\"elementor-button-text\">Request a quote<\/span>\n\t\t\t\t\t<\/span>\n\t\t\t\t\t<\/a>\n\t\t\t\t<\/div>\n\t\t\t\t\t\t\t\t<\/div>\n\t\t\t\t<\/div>\n\t\t\t\t\t<\/div>\n\t\t<\/div>\n\t\t\t\t\t<\/div>\n\t\t<\/section>\n\t\t\t\t<\/div>","protected":false},"excerpt":{"rendered":"<p>ABC Inicio Productos Nuestros productos ABC ABC POWDER &#8211; Polvo seco en Dub\u00e1i e India (FOSFATO MONOAM\u00d3NICO)Marca: IFP-ABC-DCPEl IFP-ABC-DCP es un polvo qu\u00edmico seco de alto rendimiento a base de fosfato monoam\u00f3nico, disponible en Dub\u00e1i e India . Este polvo qu\u00edmico seco est\u00e1 espec\u00edficamente formulado para soportar las extremas temperaturas y humedades de Dub\u00e1i e [&hellip;]<\/p>","protected":false},"author":1,"featured_media":0,"parent":959,"menu_order":0,"comment_status":"closed","ping_status":"closed","template":"elementor_header_footer","meta":{"footnotes":""},"class_list":["post-1023","page","type-page","status-publish","hentry"],"_links":{"self":[{"href":"https:\/\/ignixsolutions.com\/en\/wp-json\/wp\/v2\/pages\/1023","targetHints":{"allow":["GET"]}}],"collection":[{"href":"https:\/\/ignixsolutions.com\/en\/wp-json\/wp\/v2\/pages"}],"about":[{"href":"https:\/\/ignixsolutions.com\/en\/wp-json\/wp\/v2\/types\/page"}],"author":[{"embeddable":true,"href":"https:\/\/ignixsolutions.com\/en\/wp-json\/wp\/v2\/users\/1"}],"replies":[{"embeddable":true,"href":"https:\/\/ignixsolutions.com\/en\/wp-json\/wp\/v2\/comments?post=1023"}],"version-history":[{"count":10,"href":"https:\/\/ignixsolutions.com\/en\/wp-json\/wp\/v2\/pages\/1023\/revisions"}],"predecessor-version":[{"id":2146,"href":"https:\/\/ignixsolutions.com\/en\/wp-json\/wp\/v2\/pages\/1023\/revisions\/2146"}],"up":[{"embeddable":true,"href":"https:\/\/ignixsolutions.com\/en\/wp-json\/wp\/v2\/pages\/959"}],"wp:attachment":[{"href":"https:\/\/ignixsolutions.com\/en\/wp-json\/wp\/v2\/media?parent=1023"}],"curies":[{"name":"wp","href":"https:\/\/api.w.org\/{rel}","templated":true}]}}